{"id":9635,"date":"2019-10-24T18:27:59","date_gmt":"2019-10-24T16:27:59","guid":{"rendered":"https:\/\/becherfaktur.de\/?post_type=product&#038;p=9635"},"modified":"2020-07-21T20:24:50","modified_gmt":"2020-07-21T18:24:50","slug":"grosser-bluetenteller-franz-aqua-kopie","status":"publish","type":"product","link":"https:\/\/becherfaktur.de\/en\/produkt\/grosser-bluetenteller-franz-aqua-kopie\/","title":{"rendered":"Gro\u00dfer Bl\u00fctenteller &#8220;Franz&#8221; aqua"},"content":{"rendered":"<p><strong>Gro\u00dfer handgemachter 3D-Keramikteller \u201cFranz\u201d in Form einer Bl\u00fcte.<\/strong><\/p>\n<p>Der neue Bl\u00fctenteller besticht durch seine geschwungene organische Form und das florale Design. Er ist komplett glasiert und mit einem \u00d8 von 26cm sowohl f\u00fcr gr\u00f6\u00dfere Gerichte, als auch f\u00fcr den Einsatz als Servierplatte geeignet.<br \/>\nOptisch passt er perfekt zu Tulpentasse &#8220;Flora&#8221; und zur neuen Bl\u00fctenschale &#8220;Frieda&#8221;. Das blumige 3er-Set ist eine tolle Geschenkidee!<\/p>\n<p><strong>Jedes St\u00fcck der Becherfaktur ist ein Unikat!<\/strong><br \/>\nDer Teller ist von mir per Hand in meiner Werkstatt gefertigt und dort mit hochwertiger, lebensmittelechter blei-und cadmiumfreier Glasur \u00fcberzogen.<br \/>\nH\u00f6he: ca. 3 cm<br \/>\nDurchmesser: ca. 26 cm<\/p>\n<p><strong>Steinzeug, dicht gebrannt, sp\u00fclmaschinengeeignet und lebensmittelecht.<\/strong><br \/>\nDer Teller wurde 2 mal gebrannt: 1x roh, danach glasiert und bei 1250\u00b0C fertig gebrannt.<br \/>\n<strong>Mikrowellengebrauch<\/strong> wird <strong><u>nicht<\/u> <\/strong>empfohlen.<\/p>\n<p><strong>Hinweis zur Farbe<\/strong><br \/>\nAufgrund der Beschaffenheit und Auftragetechnik der verwendeten Glasuren variiert das Farbspektrum und der Farbverlauf von Teller zu Teller. Das abgebildete Exemplar dient als Farbbeispiel. Das Aussehen des gelieferten Tellers kann daher in Intensit\u00e4t und Farbverlauf von den Fotos abweichen. Jeder Teller ist ein Unikat.<\/p>\n<p>Viel Spa\u00df mit deinem neuen Lieblingsst\u00fcck!<\/p>\n","protected":false},"excerpt":{"rendered":"<p><em>Der neue Bl\u00fctenteller besticht durch seine geschwungene organische Form und das florale Design. Er ist komplett glasiert und mit einem \u00d8 von 26cm sowohl f\u00fcr gr\u00f6\u00dfere Gerichte, als auch f\u00fcr den Einsatz als Servierplatte geeignet.<br \/>\nOptisch passt er perfekt zu Tulpentasse &#8220;Flora&#8221; und zur neuen Bl\u00fctenschale &#8220;Frieda&#8221;. Das blumige 3er-Set ist eine tolle Geschenkidee!<\/em><\/p>\n","protected":false},"featured_media":9639,"comment_status":"open","ping_status":"closed","template":"","meta":[],"product_cat":[96],"product_tag":[],"translation":{"provider":"WPGlobus","version":"2.8.1","language":"en","enabled_languages":["de","en"],"languages":{"de":{"title":true,"content":true,"excerpt":true},"en":{"title":false,"content":false,"excerpt":false}}},"_links":{"self":[{"href":"https:\/\/becherfaktur.de\/en\/wp-json\/wp\/v2\/product\/9635"}],"collection":[{"href":"https:\/\/becherfaktur.de\/en\/wp-json\/wp\/v2\/product"}],"about":[{"href":"https:\/\/becherfaktur.de\/en\/wp-json\/wp\/v2\/types\/product"}],"replies":[{"embeddable":true,"href":"https:\/\/becherfaktur.de\/en\/wp-json\/wp\/v2\/comments?post=9635"}],"wp:featuredmedia":[{"embeddable":true,"href":"https:\/\/becherfaktur.de\/en\/wp-json\/wp\/v2\/media\/9639"}],"wp:attachment":[{"href":"https:\/\/becherfaktur.de\/en\/wp-json\/wp\/v2\/media?parent=9635"}],"wp:term":[{"taxonomy":"product_cat","embeddable":true,"href":"https:\/\/becherfaktur.de\/en\/wp-json\/wp\/v2\/product_cat?post=9635"},{"taxonomy":"product_tag","embeddable":true,"href":"https:\/\/becherfaktur.de\/en\/wp-json\/wp\/v2\/product_tag?post=9635"}],"curies":[{"name":"wp","href":"https:\/\/api.w.org\/{rel}","templated":true}]}}