{"id":9612,"date":"2019-10-07T19:54:14","date_gmt":"2019-10-07T17:54:14","guid":{"rendered":"https:\/\/becherfaktur.de\/?post_type=product&#038;p=9612"},"modified":"2021-03-05T14:51:11","modified_gmt":"2021-03-05T13:51:11","slug":"grosse-bluetenschale-frieda-aqua","status":"publish","type":"product","link":"https:\/\/becherfaktur.de\/en\/produkt\/grosse-bluetenschale-frieda-aqua\/","title":{"rendered":"Gro\u00dfe Bl\u00fctenschale &#8220;Frieda&#8221; aqua"},"content":{"rendered":"<p><strong>Gro\u00dfe handgemachte 3D-Keramikschale \u201cFrieda\u201d in Form einer Bl\u00fcte.<\/strong><\/p>\n<p>Die neue Bl\u00fctenschale besticht durch ihre geschwungene organische Form und das florale Design. Optisch passt sie perfekt zu Tulpentasse &#8220;Flora&#8221;. Im Inneren ist sie glasiert, hier bilden sich interessante Glasurverl\u00e4ufe. Die Au\u00dfenseite ist als Kontrast dazu unglasiert, was den nat\u00fcrlich-urspr\u00fcnglichen Charakter der Form unterst\u00fctzt. Egal wo, durch die besondere Form wird deine neue Schale zum absoluten Hingucker! Auch super als Geschenk geeignet.<\/p>\n<p><strong>Jedes St\u00fcck der Becherfaktur ist ein Unikat!<\/strong><br \/>\nDie Schale ist von mir per Hand in meiner Werkstatt gefertigt und dort mit hochwertiger, lebensmittelechter blei-und cadmiumfreier Glasur \u00fcberzogen.<br \/>\nH\u00f6he: ca. 5,5 cm<br \/>\nDurchmesser: ca. 17 cm<br \/>\nInhalt: ca. 650 ml<\/p>\n<p><strong>Steinzeug, dicht gebrannt, sp\u00fclmaschinengeeignet und lebensmittelecht.<\/strong><br \/>\nDie Schale wurde 2 mal gebrannt: 1x roh, danach glasiert und bei 1250\u00b0C fertig gebrannt.<br \/>\nDie Schale ist NUR in der Innenseite glasiert. Die Au\u00dfenseite ist unglasiert, und daher haptisch rauher.<br \/>\n<strong>Mikrowellengebrauch<\/strong> wird <strong><u>nicht<\/u> <\/strong>empfohlen.<\/p>\n<p><strong>Hinweis zur Farbe<\/strong><br \/>\nAufgrund der Beschaffenheit und Auftragetechnik der verwendeten Glasuren variiert das Farbspektrum und der Farbverlauf von Schale zu Schale. Das abgebildete Exemplar dient als Farbbeispiel. Das Aussehen der gelieferten Schale kann daher in Intensit\u00e4t und Farbverlauf von den Fotos abweichen. Jede Schale ist ein Unikat.<\/p>\n<p>Viel Spa\u00df mit deinem neuen Lieblingsst\u00fcck!<\/p>\n","protected":false},"excerpt":{"rendered":"<p><em>Die neue Bl\u00fctenschale besticht durch ihre geschwungene organische Form und das florale Design. Optisch passt sie perfekt zu Tulpentasse &#8220;Flora&#8221;. Im Inneren ist sie glasiert, hier bilden sich interessante Glasurverl\u00e4ufe. Die Au\u00dfenseite ist als Kontrast dazu unglasiert, was den nat\u00fcrlich-urspr\u00fcnglichen Charakter der Form unterst\u00fctzt.<\/em><\/p>\n","protected":false},"featured_media":9607,"comment_status":"open","ping_status":"closed","template":"","meta":[],"product_cat":[91],"product_tag":[],"translation":{"provider":"WPGlobus","version":"2.8.1","language":"en","enabled_languages":["de","en"],"languages":{"de":{"title":true,"content":true,"excerpt":true},"en":{"title":false,"content":false,"excerpt":false}}},"_links":{"self":[{"href":"https:\/\/becherfaktur.de\/en\/wp-json\/wp\/v2\/product\/9612"}],"collection":[{"href":"https:\/\/becherfaktur.de\/en\/wp-json\/wp\/v2\/product"}],"about":[{"href":"https:\/\/becherfaktur.de\/en\/wp-json\/wp\/v2\/types\/product"}],"replies":[{"embeddable":true,"href":"https:\/\/becherfaktur.de\/en\/wp-json\/wp\/v2\/comments?post=9612"}],"wp:featuredmedia":[{"embeddable":true,"href":"https:\/\/becherfaktur.de\/en\/wp-json\/wp\/v2\/media\/9607"}],"wp:attachment":[{"href":"https:\/\/becherfaktur.de\/en\/wp-json\/wp\/v2\/media?parent=9612"}],"wp:term":[{"taxonomy":"product_cat","embeddable":true,"href":"https:\/\/becherfaktur.de\/en\/wp-json\/wp\/v2\/product_cat?post=9612"},{"taxonomy":"product_tag","embeddable":true,"href":"https:\/\/becherfaktur.de\/en\/wp-json\/wp\/v2\/product_tag?post=9612"}],"curies":[{"name":"wp","href":"https:\/\/api.w.org\/{rel}","templated":true}]}}