{"id":9586,"date":"2019-09-26T19:04:16","date_gmt":"2019-09-26T17:04:16","guid":{"rendered":"https:\/\/becherfaktur.de\/?post_type=product&#038;p=9586"},"modified":"2020-11-08T15:56:37","modified_gmt":"2020-11-08T14:56:37","slug":"keramikschale-lea","status":"publish","type":"product","link":"https:\/\/becherfaktur.de\/en\/produkt\/keramikschale-lea\/","title":{"rendered":"Gro\u00dfe filigrane Blattschale &#8220;Lea&#8221; aqua"},"content":{"rendered":"<p><strong>Gro\u00dfe handgemachte 3D-Keramikschale \u201cLea\u201d mit dem Relief eines Blattes.<\/strong><\/p>\n<p>Die neue Blattschale ist genau das Richtige f\u00fcr Naturliebhaber und Fans von filigranen Designs. Im Inneren ist sie glatt und besticht durch spannende Glasurverl\u00e4ufe. Die Au\u00dfenseite ist mit der filigranen Textur eines Blattes versehen und im Kontrast zur Innenseite unglasiert, was sowohl optisch als auch haptisch \u00fcberzeugt. Egal wo, durch die besondere Form wird deine neue Schale zum absoluten Hingucker! Auch super als Geschenk geeignet.<\/p>\n<p><strong>Jedes St\u00fcck der Becherfaktur ist ein Unikat!<\/strong><br \/>\nDie Schale ist von mir per Hand in meiner Werkstatt gefertigt und dort mit hochwertiger, lebensmittelechter blei-und cadmiumfreier Glasur \u00fcberzogen.<br \/>\nH\u00f6he: ca. 5,5 cm<br \/>\nDurchmesser: ca. 19 cm<br \/>\nInhalt: ca. 750 ml<\/p>\n<p><strong>Steinzeug, dicht gebrannt, sp\u00fclmaschinengeeignet und lebensmittelecht.<\/strong><br \/>\nDie Schale wurde 2 mal gebrannt: 1x roh, danach glasiert und bei 1250\u00b0C fertig gebrannt.<br \/>\nDie Schale ist NUR in der Innenseite glasiert. Die Au\u00dfenseite ist unglasiert, und daher haptisch rauher.<br \/>\n<strong>Mikrowellengebrauch<\/strong> wird <strong><u>nicht<\/u> <\/strong>empfohlen.<\/p>\n<p><strong>Hinweis zur Farbe<\/strong><br \/>\nAufgrund der Beschaffenheit und Auftragetechnik der verwendeten Glasuren variiert das Farbspektrum und der Farbverlauf von Schale zu Schale. Das abgebildete Exemplar dient als Farbbeispiel. Das Aussehen der gelieferten Schale kann daher in Intensit\u00e4t und Farbverlauf von den Fotos abweichen. Jede Schale ist ein Unikat.<\/p>\n<p>Viel Spa\u00df mit deinem neuen Lieblingsst\u00fcck!<\/p>\n","protected":false},"excerpt":{"rendered":"<p><em>Die neue Blattschale ist genau das Richtige f\u00fcr Naturliebhaber und Fans von filigranen Designs. Im Inneren ist sie glatt und besticht durch spannende Glasurverl\u00e4ufe. Die Au\u00dfenseite ist mit der filigranen Textur eines Blattes versehen und im Kontrast zur Innenseite unglasiert, was sowohl optisch als auch haptisch \u00fcberzeugt.<\/em><\/p>\n","protected":false},"featured_media":9599,"comment_status":"open","ping_status":"closed","template":"","meta":[],"product_cat":[91],"product_tag":[],"translation":{"provider":"WPGlobus","version":"2.8.1","language":"en","enabled_languages":["de","en"],"languages":{"de":{"title":true,"content":true,"excerpt":true},"en":{"title":false,"content":false,"excerpt":false}}},"_links":{"self":[{"href":"https:\/\/becherfaktur.de\/en\/wp-json\/wp\/v2\/product\/9586"}],"collection":[{"href":"https:\/\/becherfaktur.de\/en\/wp-json\/wp\/v2\/product"}],"about":[{"href":"https:\/\/becherfaktur.de\/en\/wp-json\/wp\/v2\/types\/product"}],"replies":[{"embeddable":true,"href":"https:\/\/becherfaktur.de\/en\/wp-json\/wp\/v2\/comments?post=9586"}],"wp:featuredmedia":[{"embeddable":true,"href":"https:\/\/becherfaktur.de\/en\/wp-json\/wp\/v2\/media\/9599"}],"wp:attachment":[{"href":"https:\/\/becherfaktur.de\/en\/wp-json\/wp\/v2\/media?parent=9586"}],"wp:term":[{"taxonomy":"product_cat","embeddable":true,"href":"https:\/\/becherfaktur.de\/en\/wp-json\/wp\/v2\/product_cat?post=9586"},{"taxonomy":"product_tag","embeddable":true,"href":"https:\/\/becherfaktur.de\/en\/wp-json\/wp\/v2\/product_tag?post=9586"}],"curies":[{"name":"wp","href":"https:\/\/api.w.org\/{rel}","templated":true}]}}