{"id":9082,"date":"2019-05-06T22:28:27","date_gmt":"2019-05-06T20:28:27","guid":{"rendered":"https:\/\/becherfaktur.de\/?post_type=product&#038;p=9082"},"modified":"2021-03-21T17:19:38","modified_gmt":"2021-03-21T16:19:38","slug":"keramikschale-elsa-feuer-eis","status":"publish","type":"product","link":"https:\/\/becherfaktur.de\/en\/produkt\/keramikschale-elsa-feuer-eis\/","title":{"rendered":"Keramikschale &#8220;Elsa&#8221; feuer-eis"},"content":{"rendered":"<p><strong>Tolle handgemachte 3D-Keramikschale \u201cElsa\u201d in Form eines Diamanten.<\/strong><\/p>\n<p>Genie\u00dfe dein M\u00fcsli, deine Lieblingssuppe oder jedes andere Gericht aus dieser einzigartigen 3D-Bowl oder nutze Sie als Aufbewahrung f\u00fcr K\u00fcche, Schreibtisch oder Regal. Egal wo, durch die besondere Form wird deine neue Schale zum absoluten Hingucker! Auch super als Geschenk geeignet.<\/p>\n<p><strong>Jedes St\u00fcck der Becherfaktur ist ein Unikat!<\/strong><br \/>\nDie Schale ist von mir per Hand in meiner Werkstatt gefertigt und dort mit hochwertiger, lebensmittelechter blei-und cadmiumfreier Glasur \u00fcberzogen.<br \/>\nH\u00f6he: ca. 7 cm<br \/>\nDurchmesser: ca. 14 cm<br \/>\nInhalt: ca. 500 ml<\/p>\n<p><strong>Steinzeug, dicht gebrannt, sp\u00fclmaschinengeeignet und lebensmittelecht.<\/strong><br \/>\nDie Schale wurde 2 mal gebrannt: 1x roh, danach glasiert und bei 1250\u00b0C fertig gebrannt.<br \/>\n<strong>Mikrowellengebrauch<\/strong> wird <strong><u>nicht<\/u> <\/strong>empfohlen.<\/p>\n<p><strong>Hinweis zur Farbe<\/strong><br \/>\nAufgrund der Beschaffenheit und Auftragetechnik der 2 verwendeten Glasuren variiert das Farbspektrum und der Farbverlauf von Schale zu Schale. Das abgebildete Exemplar dient als Farbbeispiel. Das Aussehen der gelieferten Schale kann daher in Intensit\u00e4t und Farbverlauf von den Fotos abweichen. Jede Schale ist ein Unikat.<\/p>\n<p>Viel Spa\u00df mit deinem neuen Lieblingsst\u00fcck!<\/p>\n","protected":false},"excerpt":{"rendered":"<p><em>Unser Schmuckst\u00fcck Elsa<\/em><em>\u00a0setzt grafische Akzente und besticht durch eine klare Linie. Egal wo, durch die besondere Form wird deine neue Schale zum absoluten Hingucker! <\/em><\/p>\n","protected":false},"featured_media":9121,"comment_status":"open","ping_status":"closed","template":"","meta":[],"product_cat":[91,94],"product_tag":[],"translation":{"provider":"WPGlobus","version":"2.8.1","language":"en","enabled_languages":["de","en"],"languages":{"de":{"title":true,"content":true,"excerpt":true},"en":{"title":false,"content":false,"excerpt":false}}},"_links":{"self":[{"href":"https:\/\/becherfaktur.de\/en\/wp-json\/wp\/v2\/product\/9082"}],"collection":[{"href":"https:\/\/becherfaktur.de\/en\/wp-json\/wp\/v2\/product"}],"about":[{"href":"https:\/\/becherfaktur.de\/en\/wp-json\/wp\/v2\/types\/product"}],"replies":[{"embeddable":true,"href":"https:\/\/becherfaktur.de\/en\/wp-json\/wp\/v2\/comments?post=9082"}],"wp:featuredmedia":[{"embeddable":true,"href":"https:\/\/becherfaktur.de\/en\/wp-json\/wp\/v2\/media\/9121"}],"wp:attachment":[{"href":"https:\/\/becherfaktur.de\/en\/wp-json\/wp\/v2\/media?parent=9082"}],"wp:term":[{"taxonomy":"product_cat","embeddable":true,"href":"https:\/\/becherfaktur.de\/en\/wp-json\/wp\/v2\/product_cat?post=9082"},{"taxonomy":"product_tag","embeddable":true,"href":"https:\/\/becherfaktur.de\/en\/wp-json\/wp\/v2\/product_tag?post=9082"}],"curies":[{"name":"wp","href":"https:\/\/api.w.org\/{rel}","templated":true}]}}