{"id":8414,"date":"2018-10-11T20:45:48","date_gmt":"2018-10-11T18:45:48","guid":{"rendered":"https:\/\/becherfaktur.de\/?post_type=product&#038;p=8414"},"modified":"2021-12-12T11:13:42","modified_gmt":"2021-12-12T10:13:42","slug":"raketentasse-rocky-weiss-0-25-liter-kopie","status":"publish","type":"product","link":"https:\/\/becherfaktur.de\/en\/produkt\/raketentasse-rocky-weiss-0-25-liter-kopie\/","title":{"rendered":"Raketentasse &#8220;Rocky&#8221; wei\u00df (0.25 Liter)"},"content":{"rendered":"<p><strong>Tolle handgemachte 3D-Keramiktasse &#8220;Rocky&#8221; in Form einer Rakete.<\/strong><\/p>\n<p>Genie\u00dfe deinen Kaffee, Tee, Kakao etc. aus dieser einzigartigen 3D-Tasse oder zweckentfremde Sie f\u00fcr Schreibtisch oder Regal. Egal wo, durch die besondere Form wird deine neue Tasse zum absoluten Hingucker! Auch super als Geschenk geeignet.<\/p>\n<p><strong>Jede Tasse der Becherfaktur ist ein Unikat!<\/strong><br \/>\nDie Tasse ist von mir per Hand in meiner Werkstatt gefertigt und dort mit hochwertiger, lebensmittelechter blei-und cadmiumfreier Glasur \u00fcberzogen.<\/p>\n<p>H\u00f6he: ca. 9,5 cm<br \/>\nDurchmesser: ca. 9 cm<br \/>\nInhalt: ca. 250 ml<\/p>\n<p><strong>Steinzeug, dicht gebrannt, sp\u00fclmaschinengeeignet und lebensmittelecht.<\/strong><br \/>\nDie Tasse wurde 2 mal gebrannt: 1x roh, danach glasiert und bei 1250\u00b0C fertig gebrannt.<br \/>\n<strong>Mikrowellengebrauch<\/strong> wird nicht empfohlen.<\/p>\n<p>Viel Spa\u00df mit deinem neuen Lieblingsst\u00fcck! \ud83d\ude42<\/p>\n","protected":false},"excerpt":{"rendered":"<p><em>F\u00fcr einen Raketenstart in den Tag!<br \/>\nOb f\u00fcr den Morgenkaffee oder als Aufbewahrung f\u00fcr kleine Sch\u00e4tze, Rocky meistert jede Mission galaktisch gut!<\/em><\/p>\n","protected":false},"featured_media":8407,"comment_status":"open","ping_status":"closed","template":"","meta":[],"product_cat":[85],"product_tag":[],"translation":{"provider":"WPGlobus","version":"2.8.1","language":"en","enabled_languages":["de","en"],"languages":{"de":{"title":true,"content":true,"excerpt":true},"en":{"title":false,"content":false,"excerpt":false}}},"_links":{"self":[{"href":"https:\/\/becherfaktur.de\/en\/wp-json\/wp\/v2\/product\/8414"}],"collection":[{"href":"https:\/\/becherfaktur.de\/en\/wp-json\/wp\/v2\/product"}],"about":[{"href":"https:\/\/becherfaktur.de\/en\/wp-json\/wp\/v2\/types\/product"}],"replies":[{"embeddable":true,"href":"https:\/\/becherfaktur.de\/en\/wp-json\/wp\/v2\/comments?post=8414"}],"wp:featuredmedia":[{"embeddable":true,"href":"https:\/\/becherfaktur.de\/en\/wp-json\/wp\/v2\/media\/8407"}],"wp:attachment":[{"href":"https:\/\/becherfaktur.de\/en\/wp-json\/wp\/v2\/media?parent=8414"}],"wp:term":[{"taxonomy":"product_cat","embeddable":true,"href":"https:\/\/becherfaktur.de\/en\/wp-json\/wp\/v2\/product_cat?post=8414"},{"taxonomy":"product_tag","embeddable":true,"href":"https:\/\/becherfaktur.de\/en\/wp-json\/wp\/v2\/product_tag?post=8414"}],"curies":[{"name":"wp","href":"https:\/\/api.w.org\/{rel}","templated":true}]}}