{"id":8413,"date":"2018-10-11T20:43:59","date_gmt":"2018-10-11T18:43:59","guid":{"rendered":"https:\/\/becherfaktur.de\/?post_type=product&#038;p=8413"},"modified":"2020-07-21T20:25:50","modified_gmt":"2020-07-21T18:25:50","slug":"tulpentasse-flora-weiss-0-4-liter-kopie","status":"publish","type":"product","link":"https:\/\/becherfaktur.de\/en\/produkt\/tulpentasse-flora-weiss-0-4-liter-kopie\/","title":{"rendered":"Gro\u00dfe Tulpentasse &#8220;Flora&#8221; wei\u00df (0.4 Liter)"},"content":{"rendered":"<p><strong>Gro\u00dfe handgemachte 3D-Keramiktasse &#8220;Flora&#8221; in Form einer Tulpe.<\/strong><\/p>\n<p>Genie\u00dfe deinen Kaffee, Tee, Kakao etc. aus dieser einzigartigen 3D-Tasse oder zweckentfremde Sie f\u00fcr Schreibtisch oder Regal. Egal wo, durch die besondere Form wird deine neue Tasse zum absoluten Hingucker! Auch super als Geschenk geeignet.<\/p>\n<p><strong>Jede Tasse der Becherfaktur ist ein Unikat!<\/strong><br \/>\nDie Tasse ist von mir per Hand in meiner Werkstatt gefertigt und dort mit hochwertiger, lebensmittelechter blei-und cadmiumfreier Glasur \u00fcberzogen.<\/p>\n<p>H\u00f6he: ca. 11 cm<br \/>\nDurchmesser: ca. 10 cm<br \/>\nInhalt: ca. 390 ml<\/p>\n<p><strong>Steinzeug, dicht gebrannt, sp\u00fclmaschinengeeignet und lebensmittelecht.<\/strong><br \/>\nDie Tasse wurde 2 mal gebrannt: 1x roh, danach glasiert und bei 1250\u00b0C fertig gebrannt.<br \/>\n<strong>Mikrowellengebrauch<\/strong> wird nicht empfohlen.<\/p>\n<p><strong>Hinweis<\/strong><br \/>\nAufgrund der Beschaffenheit der Glasur variiert das Farbspektrum von Tasse zu Tasse und kann somit leicht von den Fotos abweichen.<\/p>\n<p>Viel Spa\u00df mit deinem neuen Lieblingsst\u00fcck! \ud83d\ude42<\/p>\n","protected":false},"excerpt":{"rendered":"<p><em>F\u00fcr Naturverbundene und Blumenliebhaber.<br \/>\nFlora bringt ein St\u00fcckchen Natur mit ins B\u00fcro oder auf den Kaffeetisch und sorgt durch ihre einzigartige Form f\u00fcr ein besonderes Geschmackserlebnis.<\/em><\/p>\n","protected":false},"featured_media":8399,"comment_status":"open","ping_status":"closed","template":"","meta":[],"product_cat":[86],"product_tag":[],"translation":{"provider":"WPGlobus","version":"2.8.1","language":"en","enabled_languages":["de","en"],"languages":{"de":{"title":true,"content":true,"excerpt":true},"en":{"title":false,"content":false,"excerpt":false}}},"_links":{"self":[{"href":"https:\/\/becherfaktur.de\/en\/wp-json\/wp\/v2\/product\/8413"}],"collection":[{"href":"https:\/\/becherfaktur.de\/en\/wp-json\/wp\/v2\/product"}],"about":[{"href":"https:\/\/becherfaktur.de\/en\/wp-json\/wp\/v2\/types\/product"}],"replies":[{"embeddable":true,"href":"https:\/\/becherfaktur.de\/en\/wp-json\/wp\/v2\/comments?post=8413"}],"wp:featuredmedia":[{"embeddable":true,"href":"https:\/\/becherfaktur.de\/en\/wp-json\/wp\/v2\/media\/8399"}],"wp:attachment":[{"href":"https:\/\/becherfaktur.de\/en\/wp-json\/wp\/v2\/media?parent=8413"}],"wp:term":[{"taxonomy":"product_cat","embeddable":true,"href":"https:\/\/becherfaktur.de\/en\/wp-json\/wp\/v2\/product_cat?post=8413"},{"taxonomy":"product_tag","embeddable":true,"href":"https:\/\/becherfaktur.de\/en\/wp-json\/wp\/v2\/product_tag?post=8413"}],"curies":[{"name":"wp","href":"https:\/\/api.w.org\/{rel}","templated":true}]}}