{"id":8352,"date":"2018-09-30T20:14:44","date_gmt":"2018-09-30T18:14:44","guid":{"rendered":"https:\/\/becherfaktur.de\/?post_type=product&#038;p=8352"},"modified":"2020-12-14T20:07:46","modified_gmt":"2020-12-14T19:07:46","slug":"keramikschale-elsa-rot","status":"publish","type":"product","link":"https:\/\/becherfaktur.de\/en\/produkt\/keramikschale-elsa-rot\/","title":{"rendered":"Keramikschale &#8220;Elsa&#8221; rot"},"content":{"rendered":"<p><strong>Tolle handgemachte 3D-Keramikschale \u201cElsa\u201d in Form eines Diamanten.<\/strong><\/p>\n<p>Genie\u00dfe dein M\u00fcsli, deine Lieblingssuppe oder jedes andere Gericht aus dieser einzigartigen 3D-Bowl oder nutze Sie als Aufbewahrung f\u00fcr K\u00fcche, Schreibtisch oder Regal. Egal wo, durch die besondere Form wird deine neue Schale zum absoluten Hingucker! Auch super als Geschenk geeignet.<\/p>\n<p><strong>Jedes St\u00fcck der Becherfaktur ist ein Unikat!<\/strong><br \/>\nDie Schale ist von mir per Hand in meiner Werkstatt gefertigt und dort mit hochwertiger, lebensmittelechter blei-und cadmiumfreier Glasur \u00fcberzogen.<br \/>\nH\u00f6he: ca. 7 cm<br \/>\nDurchmesser: ca. 14 cm<br \/>\nInhalt: ca. 500 ml<\/p>\n<p><strong>Steinzeug, dicht gebrannt, sp\u00fclmaschinengeeignet und lebensmittelecht.<\/strong><br \/>\nDie Schale wurde 2 mal gebrannt: 1x roh, danach glasiert und bei 1250\u00b0C fertig gebrannt.<br \/>\n<strong>Mikrowellengebrauch<\/strong> wird <strong><u>nicht<\/u> <\/strong>empfohlen.<\/p>\n<p><strong>Hinweis<\/strong><br \/>\nAufgrund der Beschaffenheit der Glasur variiert das Farbspektrum von Schale zu Schale und kann somit leicht von den Fotos abweichen.<\/p>\n<p>Viel Spa\u00df mit deinem neuen Lieblingsst\u00fcck!<\/p>\n","protected":false},"excerpt":{"rendered":"<p><em>Unser Schmuckst\u00fcck Elsa<\/em><em>\u00a0setzt grafische Akzente und besticht durch eine klare Linie. Egal wo, durch die besondere Form wird deine neue Schale zum absoluten Hingucker! <\/em><\/p>\n","protected":false},"featured_media":8341,"comment_status":"open","ping_status":"closed","template":"","meta":[],"product_cat":[91],"product_tag":[],"translation":{"provider":"WPGlobus","version":"2.8.1","language":"en","enabled_languages":["de","en"],"languages":{"de":{"title":true,"content":true,"excerpt":true},"en":{"title":false,"content":false,"excerpt":false}}},"_links":{"self":[{"href":"https:\/\/becherfaktur.de\/en\/wp-json\/wp\/v2\/product\/8352"}],"collection":[{"href":"https:\/\/becherfaktur.de\/en\/wp-json\/wp\/v2\/product"}],"about":[{"href":"https:\/\/becherfaktur.de\/en\/wp-json\/wp\/v2\/types\/product"}],"replies":[{"embeddable":true,"href":"https:\/\/becherfaktur.de\/en\/wp-json\/wp\/v2\/comments?post=8352"}],"wp:featuredmedia":[{"embeddable":true,"href":"https:\/\/becherfaktur.de\/en\/wp-json\/wp\/v2\/media\/8341"}],"wp:attachment":[{"href":"https:\/\/becherfaktur.de\/en\/wp-json\/wp\/v2\/media?parent=8352"}],"wp:term":[{"taxonomy":"product_cat","embeddable":true,"href":"https:\/\/becherfaktur.de\/en\/wp-json\/wp\/v2\/product_cat?post=8352"},{"taxonomy":"product_tag","embeddable":true,"href":"https:\/\/becherfaktur.de\/en\/wp-json\/wp\/v2\/product_tag?post=8352"}],"curies":[{"name":"wp","href":"https:\/\/api.w.org\/{rel}","templated":true}]}}