{"id":7915,"date":"2018-01-20T14:00:11","date_gmt":"2018-01-20T13:00:11","guid":{"rendered":"https:\/\/becherfaktur.de\/?post_type=product&#038;p=7915"},"modified":"2021-09-11T19:19:42","modified_gmt":"2021-09-11T17:19:42","slug":"geometrische-3d-tulpentasse-flora-hellblau","status":"publish","type":"product","link":"https:\/\/becherfaktur.de\/en\/produkt\/geometrische-3d-tulpentasse-flora-hellblau\/","title":{"rendered":"Tulpentasse &#8220;Flora&#8221; hellblau (0.2 Liter)"},"content":{"rendered":"<p><strong>Tolle handgemachte 3D-Keramiktasse &#8220;Flora&#8221; in Form einer Tulpe.<\/strong><\/p>\n<p><em>F\u00fcr Naturverbundene und Blumenliebhaber.<br \/>\nFlora bringt ein St\u00fcckchen Natur mit ins B\u00fcro oder auf den Kaffeetisch und sorgt durch ihre einzigartige Form f\u00fcr ein besonderes Geschmackserlebnis.<\/em><\/p>\n<p>Genie\u00dfe deinen Kaffee, Tee, Kakao etc. aus dieser einzigartigen 3D-Tasse oder zweckentfremde Sie f\u00fcr Schreibtisch oder Regal. Egal wo, durch die besondere Form wird deine neue Tasse zum absoluten Hingucker! Auch super als Geschenk geeignet.<\/p>\n<p><strong>Jede Tasse der Becherfaktur ist ein Unikat!<\/strong><br \/>\nDie Tasse ist von mir per Hand in meiner Werkstatt gefertigt und dort mit hochwertiger, lebensmittelechter blei-und cadmiumfreier Glasur \u00fcberzogen.<\/p>\n<p>H\u00f6he: ca. 9 cm<br \/>\nDurchmesser: ca. 8,5 cm<br \/>\nInhalt: ca. 200 ml<\/p>\n<p><strong>Steinzeug, dicht gebrannt, sp\u00fclmaschinengeeignet und lebensmittelecht.<\/strong><br \/>\nDie Tasse wurde 2 mal gebrannt: 1x roh, danach glasiert und bei 1250\u00b0C fertig gebrannt.<br \/>\n<strong>Mikrowellengebrauch<\/strong> wird nicht empfohlen.<\/p>\n<p>Viel Spa\u00df mit deinem neuen Lieblingsst\u00fcck! \ud83d\ude42<\/p>\n","protected":false},"excerpt":{"rendered":"<p>Tolle handgemachte 3D-Keramiktasse &#8220;Flora&#8221; in Form einer Tulpe. F\u00fcr Naturverbundene und Blumenliebhaber. Flora bringt ein St\u00fcckchen Natur mit ins B\u00fcro oder auf den Kaffeetisch und sorgt durch ihre einzigartige Form f\u00fcr ein besonderes Geschmackserlebnis. Genie\u00dfe deinen Kaffee, Tee, Kakao etc. aus dieser einzigartigen 3D-Tasse oder zweckentfremde Sie f\u00fcr Schreibtisch oder Regal. Egal wo, durch die&#8230;<\/p>\n","protected":false},"featured_media":7978,"comment_status":"open","ping_status":"closed","template":"","meta":[],"product_cat":[86],"product_tag":[],"translation":{"provider":"WPGlobus","version":"2.8.1","language":"en","enabled_languages":["de","en"],"languages":{"de":{"title":true,"content":true,"excerpt":false},"en":{"title":false,"content":false,"excerpt":false}}},"_links":{"self":[{"href":"https:\/\/becherfaktur.de\/en\/wp-json\/wp\/v2\/product\/7915"}],"collection":[{"href":"https:\/\/becherfaktur.de\/en\/wp-json\/wp\/v2\/product"}],"about":[{"href":"https:\/\/becherfaktur.de\/en\/wp-json\/wp\/v2\/types\/product"}],"replies":[{"embeddable":true,"href":"https:\/\/becherfaktur.de\/en\/wp-json\/wp\/v2\/comments?post=7915"}],"wp:featuredmedia":[{"embeddable":true,"href":"https:\/\/becherfaktur.de\/en\/wp-json\/wp\/v2\/media\/7978"}],"wp:attachment":[{"href":"https:\/\/becherfaktur.de\/en\/wp-json\/wp\/v2\/media?parent=7915"}],"wp:term":[{"taxonomy":"product_cat","embeddable":true,"href":"https:\/\/becherfaktur.de\/en\/wp-json\/wp\/v2\/product_cat?post=7915"},{"taxonomy":"product_tag","embeddable":true,"href":"https:\/\/becherfaktur.de\/en\/wp-json\/wp\/v2\/product_tag?post=7915"}],"curies":[{"name":"wp","href":"https:\/\/api.w.org\/{rel}","templated":true}]}}