{"id":9506,"date":"2019-08-01T19:31:20","date_gmt":"2019-08-01T17:31:20","guid":{"rendered":"https:\/\/becherfaktur.de\/?page_id=9506"},"modified":"2020-01-30T20:10:38","modified_gmt":"2020-01-30T19:10:38","slug":"newsletter","status":"publish","type":"page","link":"https:\/\/becherfaktur.de\/en\/newsletter\/","title":{"rendered":"Newsletter"},"content":{"rendered":"<h1>Newsletter aus der Becherfaktur<\/h1>\n<p>Ihr wollt \u00fcber <strong>spannende Entwicklungen<\/strong> in der Werkstatt auf dem Laufenden bleiben? Mit meinem Newsletter erhaltet ihr maximal 4x im Jahr eine Mail mit Neuigkeiten, Entwicklungen und frischen Produkten aus der Becherfaktur. Zudem m\u00f6chte ich euch \u00fcber den Newsletter auch mit regelm\u00e4\u00dfigen <strong>Rabattcodes<\/strong> belohnen. F\u00fcr mich als kleines Ein-Frau Start-Up ist es einfach wichtig, den Kontakt mit euch unabh\u00e4ngig von Sozialen Netzwerken zu halten. Daher freue ich mich riesig \u00fcber jeden, der sich bei meinem Newsletter anmeldet.<\/p>\n            <section class=\"widget widget_newsletter2go\">\n                    <h2 class=\"widget-title\">Newsletteranmeldung<\/h2><div class=\"nl2go-widget\"><script id=\"69f075a798784\">\n    !function (e, t, n, c, r, a, i) {\n        e.Newsletter2GoTrackingObject = r, e[r] = e[r] || function () {\n                (e[r].q = e[r].q || []).push(arguments)\n            }, e[r].l = 1 * new Date, a = t.createElement(n), i = t.getElementsByTagName(n)[0], a.async = 1, a.src = c, i.parentNode.insertBefore(a, i)\n    }(window, document, \"script\", \"https:\/\/static.newsletter2go.com\/utils.js\", \"n2g\");\n    n2g(\"create\", \"\");\n    n2g('subscribe:createForm', {\r\n  \"form\": {\r\n    \"class\": \"\",\r\n    \"style\": \"\"\r\n  },\r\n  \"container\": {\r\n    \"type\": \"div\",\r\n    \"class\": \"\",\r\n    \"style\": \"width: 100%;\"\r\n  },\r\n  \"row\": {\r\n    \"type\": \"div\",\r\n    \"class\": \"\",\r\n    \"style\": \"\"\r\n  },\r\n  \"columnLeft\": {\r\n    \"type\": \"div\",\r\n    \"class\": \"\",\r\n    \"style\": \"width: 100%; padding: 10px 5px; display: inline-block;\"\r\n  },\r\n  \"columnRight\": {\r\n    \"type\": \"div\",\r\n    \"class\": \"\",\r\n    \"style\": \" width: 100%; display: inline-block;\"\r\n  },\r\n  \"checkbox\": {\r\n    \"type\": \"input\",\r\n    \"class\": \"\",\r\n    \"style\": \"\"\r\n  },\r\n  \"separator\": {\r\n    \"type\": \"br\",\r\n    \"class\": \"\",\r\n    \"style\": \"\"\r\n  },\r\n  \"input\": {\r\n    \"class\": \"\",\r\n    \"style\": \"padding: 5px 10px; border-radius: 2px; border: 1px solid #d8dee4;\"\r\n  },\r\n  \"dropdown\": {\r\n    \"type\": \"select\",\r\n    \"class\": \"\",\r\n    \"style\": \"padding: 3px 5px; border-radius: 2px; border: 1px solid #d8dee4;\"\r\n  },\r\n  \"button\": {\r\n    \"type\": \"button\",\r\n    \"class\": \"\",\r\n    \"id\": \"\",\r\n    \"style\": \"background-color:#FF8989; border: none; border-radius: 4px; padding: 10px 20px; color: #ffffff; margin-top: 20px; cursor: pointer;\"\r\n  },\r\n  \"label\": {\r\n    \"type\": \"label\",\r\n    \"class\": \"\",\r\n    \"style\": \"padding-left: 5px; display: inline-block;\"\r\n  },\r\n  \"loader\": {\r\n    \"type\": \"img\",\r\n    \"src\": \"\/\/www.newsletter2go.com\/images\/loader.svg\",\r\n    \"class\": \"\",\r\n    \"style\": \"margin: auto; display:block;\"\r\n  },\r\n  \"message\": {\r\n    \"type\": \"h2\",\r\n    \"class\": \"\",\r\n    \"id\": \"\",\r\n    \"style\": \"text-align: center;\"\r\n  }\r\n},\"69f075a798784\");\n<\/script><\/div>\n            <\/section>\n\n\n<p><\/p>\n","protected":false},"excerpt":{"rendered":"<p>Newsletter aus der Becherfaktur Ihr wollt \u00fcber spannende Entwicklungen in der Werkstatt auf dem Laufenden bleiben? Mit meinem Newsletter erhaltet ihr maximal 4x im Jahr eine Mail mit Neuigkeiten, Entwicklungen und frischen Produkten aus der Becherfaktur. Zudem m\u00f6chte ich euch \u00fcber den Newsletter auch mit regelm\u00e4\u00dfigen Rabattcodes belohnen. F\u00fcr mich als kleines Ein-Frau Start-Up ist&#8230;<\/p>\n","protected":false},"author":1,"featured_media":0,"parent":0,"menu_order":0,"comment_status":"closed","ping_status":"closed","template":"","meta":{"footnotes":""},"translation":{"provider":"WPGlobus","version":"2.8.1","language":"en","enabled_languages":["de","en"],"languages":{"de":{"title":true,"content":true,"excerpt":false},"en":{"title":false,"content":false,"excerpt":false}}},"_links":{"self":[{"href":"https:\/\/becherfaktur.de\/en\/wp-json\/wp\/v2\/pages\/9506"}],"collection":[{"href":"https:\/\/becherfaktur.de\/en\/wp-json\/wp\/v2\/pages"}],"about":[{"href":"https:\/\/becherfaktur.de\/en\/wp-json\/wp\/v2\/types\/page"}],"author":[{"embeddable":true,"href":"https:\/\/becherfaktur.de\/en\/wp-json\/wp\/v2\/users\/1"}],"replies":[{"embeddable":true,"href":"https:\/\/becherfaktur.de\/en\/wp-json\/wp\/v2\/comments?post=9506"}],"version-history":[{"count":10,"href":"https:\/\/becherfaktur.de\/en\/wp-json\/wp\/v2\/pages\/9506\/revisions"}],"predecessor-version":[{"id":9856,"href":"https:\/\/becherfaktur.de\/en\/wp-json\/wp\/v2\/pages\/9506\/revisions\/9856"}],"wp:attachment":[{"href":"https:\/\/becherfaktur.de\/en\/wp-json\/wp\/v2\/media?parent=9506"}],"curies":[{"name":"wp","href":"https:\/\/api.w.org\/{rel}","templated":true}]}}