{"id":6971,"date":"2017-06-04T15:49:06","date_gmt":"2017-06-04T13:49:06","guid":{"rendered":"http:\/\/becherfaktur.de\/?page_id=6971"},"modified":"2023-04-20T14:14:15","modified_gmt":"2023-04-20T12:14:15","slug":"ueber-uns","status":"publish","type":"page","link":"https:\/\/becherfaktur.de\/en\/ueber-uns\/","title":{"rendered":"\u00dcber mich"},"content":{"rendered":"<section class=\"l-section wpb_row height_small\"><div class=\"l-section-h i-cf\"><div class=\"g-cols vc_row via_flex valign_top type_default stacking_default\"><div class=\"vc_col-sm-12 wpb_column vc_column_container\"><div class=\"vc_column-inner\"><div class=\"wpb_wrapper\"><div class=\"wpb_text_column\"><div class=\"wpb_wrapper\"><h1 style=\"text-align: center;\"><strong>Der Weg zu meiner besonderen Werkstatt f\u00fcr 3D-Tassen aus Keramik in Dresden<br \/>\n<\/strong><\/h1>\n<\/div><\/div><\/div><\/div><\/div><\/div><\/div><\/section><section class=\"l-section wpb_row height_small\"><div class=\"l-section-h i-cf\"><div class=\"g-cols vc_row via_flex valign_top type_default stacking_default\"><div class=\"vc_col-sm-6 wpb_column vc_column_container\"><div class=\"vc_column-inner\"><div class=\"wpb_wrapper\"><div class=\"w-image align_none\"><div class=\"w-image-h\"><img decoding=\"async\" width=\"1024\" height=\"629\" src=\"https:\/\/becherfaktur.de\/wp-content\/uploads\/2017\/06\/Ich-1024x629.png\" class=\"attachment-large size-large\" alt=\"Gesicht der Becherfaktur mit 3D-Tasse (Diamantentasse)\" srcset=\"https:\/\/becherfaktur.de\/wp-content\/uploads\/2017\/06\/Ich-1024x629.png 1024w, https:\/\/becherfaktur.de\/wp-content\/uploads\/2017\/06\/Ich-875x537.png 875w, https:\/\/becherfaktur.de\/wp-content\/uploads\/2017\/06\/Ich-300x184.png 300w, https:\/\/becherfaktur.de\/wp-content\/uploads\/2017\/06\/Ich-768x472.png 768w\" sizes=\"(max-width: 1024px) 100vw, 1024px\" \/><\/div><\/div><\/div><\/div><\/div><div class=\"vc_col-sm-6 wpb_column vc_column_container\"><div class=\"vc_column-inner\"><div class=\"wpb_wrapper\"><div class=\"wpb_text_column\"><div class=\"wpb_wrapper\"><p>Ich hei\u00dfe Maria und komme aus der sch\u00f6nen Lausitz.<\/p>\n<p>Ich habe die Becherfaktur im Sommer 2017 ins Leben gerufen. Die Idee dazu kam mir auf der Suche nach besonderen Geschenken f\u00fcr Familie und Freunde &#8211; insbesondere ausgefallenen Tassen.<\/p>\n<p>Da ich sehr gern kreativ arbeite und k\u00fcnstlerisch t\u00e4tig bin, habe ich angefangen meine eigenen Ideen und Konzepte in der Hobbywerkstatt umzusetzen. Dabei habe ich meine gro\u00dfe Leidenschaft f\u00fcr das T\u00f6pfern und Arbeiten mit Ton entdeckt und stelle seitdem mit viel Freude besondere Becher und Tassen aus Keramik her.<\/p>\n<\/div><\/div><\/div><\/div><\/div><\/div><\/div><\/section><section class=\"l-section wpb_row height_auto\"><div class=\"l-section-h i-cf\"><div class=\"g-cols vc_row via_flex valign_top type_default stacking_default\"><div class=\"vc_col-sm-12 wpb_column vc_column_container\"><div class=\"vc_column-inner\"><div class=\"wpb_wrapper\"><div class=\"wpb_text_column\"><div class=\"wpb_wrapper\"><p>Durch den Abschluss eines technischen Studiums habe ich zus\u00e4tzlich Erfahrungen mit neuen Technologien sammeln k\u00f6nnen. Mein besonderes Interesse gilt vor allem der 3D-Druck-Technologie, die unter anderem auch im Entwicklungsprozess meiner Keramikwaren zum Einsatz kommt. Erst die Verkn\u00fcpfung von klassischen T\u00f6pfertechniken mit innovativen 3D-Druck-Verfahren erm\u00f6glicht es mir, meine besonderen Keramiktassen und -becher zu erschaffen.<\/p>\n<p>Da meine Kreationen schlie\u00dflich so gut bei Freunden, Familie und dem Bekanntenkreis ankamen, habe ich beschlossen meine Produkte auch zum Verkauf anzubieten. Die Becherfaktur wurde somit geboren!<\/p>\n<\/div><\/div><div class=\"w-grid type_grid layout_gallery_default cols_4\" id=\"us_grid_1\" data-filterable=\"true\"><style>#us_grid_1 .w-grid-item{padding:4px}#us_grid_1 .w-grid-list{margin:-4px}.w-grid + #us_grid_1 .w-grid-list,.w-grid-none + #us_grid_1 .w-grid-list{margin-top:4px}@media (max-width:479px){#us_grid_1 .w-grid-item{width:50%}}.layout_gallery_default .w-grid-item-h{}<\/style><div class=\"w-grid-list\">\t<article class=\"w-grid-item post-7678 attachment type-attachment status-inherit hentry\" data-id=\"7678\">\r\n\t\t<div class=\"w-grid-item-h\">\r\n\t\t\t\t\t\t\t<a class=\"w-grid-item-anchor\" href=\"https:\/\/becherfaktur.de\/wp-content\/uploads\/2017\/06\/IMG_20170827_204906_954-1-scaled.jpg\" ref=\"magnificPopupGrid\" title=\"Nachbearbeitung einer 3D-Tasse per Hand\"><\/a>\r\n\t\t\t\t\t\t<div class=\"w-post-elm post_image usg_post_image_1 stretched\"><img decoding=\"async\" width=\"1\" height=\"1\" src=\"https:\/\/becherfaktur.de\/wp-content\/uploads\/2017\/06\/IMG_20170827_204906_954-1-scaled.jpg\" class=\"attachment-us_600_600_crop size-us_600_600_crop\" alt=\"Nachbearbeitung einer 3D-Tasse per Hand\" \/><\/div>\t\t<\/div>\r\n\t<\/article>\r\n\t<article class=\"w-grid-item post-7679 attachment type-attachment status-inherit hentry\" data-id=\"7679\">\r\n\t\t<div class=\"w-grid-item-h\">\r\n\t\t\t\t\t\t\t<a class=\"w-grid-item-anchor\" href=\"https:\/\/becherfaktur.de\/wp-content\/uploads\/2017\/06\/IMG_20170829_195904_879.jpg\" ref=\"magnificPopupGrid\" title=\"Der Glasiervorgang der 3D-Tassen.\"><\/a>\r\n\t\t\t\t\t\t<div class=\"w-post-elm post_image usg_post_image_1 stretched\"><img decoding=\"async\" width=\"1\" height=\"1\" src=\"https:\/\/becherfaktur.de\/wp-content\/uploads\/2017\/06\/IMG_20170829_195904_879.jpg\" class=\"attachment-us_600_600_crop size-us_600_600_crop\" alt=\"Der Glasiervorgang der 3D-Tassen.\" \/><\/div>\t\t<\/div>\r\n\t<\/article>\r\n\t<article class=\"w-grid-item post-7682 attachment type-attachment status-inherit hentry\" data-id=\"7682\">\r\n\t\t<div class=\"w-grid-item-h\">\r\n\t\t\t\t\t\t\t<a class=\"w-grid-item-anchor\" href=\"https:\/\/becherfaktur.de\/wp-content\/uploads\/2017\/06\/IMG_20171014_155916_144.jpg\" ref=\"magnificPopupGrid\" title=\"Eine 3D-Tasse (Raketentasse) geht w\u00e4hrend der NAchbearbeitung mit Hand kaputt\"><\/a>\r\n\t\t\t\t\t\t<div class=\"w-post-elm post_image usg_post_image_1 stretched\"><img decoding=\"async\" width=\"1\" height=\"1\" src=\"https:\/\/becherfaktur.de\/wp-content\/uploads\/2017\/06\/IMG_20171014_155916_144.jpg\" class=\"attachment-us_600_600_crop size-us_600_600_crop\" alt=\"Eine 3D-Tasse (Raketentasse) geht w\u00e4hrend der NAchbearbeitung mit Hand kaputt\" \/><\/div>\t\t<\/div>\r\n\t<\/article>\r\n\t<article class=\"w-grid-item post-7680 attachment type-attachment status-inherit hentry\" data-id=\"7680\">\r\n\t\t<div class=\"w-grid-item-h\">\r\n\t\t\t\t\t\t\t<a class=\"w-grid-item-anchor\" href=\"https:\/\/becherfaktur.de\/wp-content\/uploads\/2017\/06\/IMG_20170831_192716_232-1-scaled.jpg\" ref=\"magnificPopupGrid\" title=\"Es sind die zuk\u00fcnftigen Keramiktassen im Brennofen dargestellt.\"><\/a>\r\n\t\t\t\t\t\t<div class=\"w-post-elm post_image usg_post_image_1 stretched\"><img decoding=\"async\" width=\"1\" height=\"1\" src=\"https:\/\/becherfaktur.de\/wp-content\/uploads\/2017\/06\/IMG_20170831_192716_232-1-scaled.jpg\" class=\"attachment-us_600_600_crop size-us_600_600_crop\" alt=\"Es sind die zuk\u00fcnftigen Keramiktassen im Brennofen dargestellt.\" \/><\/div>\t\t<\/div>\r\n\t<\/article>\r\n<\/div><div class=\"w-grid-preloader\"><div class=\"g-preloader type_1\">\r\n\t<div><\/div>\r\n<\/div>\r\n<\/div>\t<div class=\"w-grid-json hidden\" onclick='return {&quot;action&quot;:&quot;us_ajax_grid&quot;,&quot;ajax_url&quot;:&quot;https:\\\/\\\/becherfaktur.de\\\/wp-admin\\\/admin-ajax.php&quot;,&quot;infinite_scroll&quot;:0,&quot;max_num_pages&quot;:1,&quot;pagination&quot;:&quot;none&quot;,&quot;permalink_url&quot;:&quot;https:\\\/\\\/becherfaktur.de\\\/en\\\/wp-json\\\/wp\\\/v2\\\/pages\\\/6971&quot;,&quot;template_vars&quot;:{&quot;columns&quot;:&quot;4&quot;,&quot;exclude_items&quot;:&quot;none&quot;,&quot;img_size&quot;:&quot;us_600_600_crop&quot;,&quot;ignore_items_size&quot;:0,&quot;items_layout&quot;:&quot;gallery_default&quot;,&quot;items_offset&quot;:&quot;1&quot;,&quot;load_animation&quot;:&quot;none&quot;,&quot;overriding_link&quot;:&quot;popup_post_image&quot;,&quot;post_id&quot;:0,&quot;query_args&quot;:{&quot;post_type&quot;:[&quot;attachment&quot;],&quot;post__in&quot;:[&quot;7678&quot;,&quot;7679&quot;,&quot;7682&quot;,&quot;7680&quot;],&quot;post_status&quot;:&quot;inherit&quot;,&quot;post_mime_type&quot;:&quot;image&quot;,&quot;posts_per_page&quot;:999},&quot;orderby_query_args&quot;:{&quot;orderby&quot;:{&quot;post__in&quot;:&quot;ASC&quot;},&quot;order&quot;:&quot;ASC&quot;},&quot;type&quot;:&quot;grid&quot;,&quot;us_grid_ajax_index&quot;:1,&quot;us_grid_filter_params&quot;:null,&quot;us_grid_index&quot;:1,&quot;_us_grid_post_type&quot;:&quot;attachment&quot;,&quot;page_args&quot;:[]}}'><\/div>\r\n\t<\/div><\/div><\/div><\/div><\/div><\/div><\/section><section class=\"l-section wpb_row height_small\"><div class=\"l-section-h i-cf\"><div class=\"g-cols vc_row via_flex valign_top type_default stacking_default\"><div class=\"vc_col-sm-12 wpb_column vc_column_container\"><div class=\"vc_column-inner\"><div class=\"wpb_wrapper\"><div class=\"wpb_text_column\"><div class=\"wpb_wrapper\"><p>Ich bin immer wieder begeistert davon, welche vielf\u00e4ltigen Gestaltungsm\u00f6glichkeiten das Naturmaterial Ton bietet. Neben der Formfindung und -entwicklung meiner Produkte ist das Experimentieren mit unterschiedlichen Glasuren, sowie die Zusammenstellung von Glasurkombinationen ein weiterer unheimlich spannender und kreativer Prozess. Durch die Bearbeitung und den Glasurauftrag meiner T\u00f6pferware per Hand \u00e4hnelt kein Produkt exakt dem Anderen. Jede meiner Tassen hat ihre Eigenheiten in Form und Farbe, und wird somit zum absoluten Unikat. Ich bin stetig mit gro\u00dfer Freude dabei, neue interessante Designs und Objekte zu entwickeln. Bleibt also gespannt was in Zukunft noch kommt! \ud83d\ude09<\/p>\n<p>Ich hoffe euch gefallen meine besonderen Becher und Tassen ebenfalls und ich kann euren Alltag damit ein wenig bunter machen!<br \/>\nBesucht mich auch gern auf Facebook und Instagram, dort gibt es st\u00e4ndig neue Infos, Ank\u00fcndigungen und Bilder aus der Becherfaktur-Werkstatt. Ich freue mich auf den Austausch mit euch!<\/p>\n<p>Eure Maria \ud83d\ude42<\/p>\n<\/div><\/div><\/div><\/div><\/div><\/div><\/div><\/section>\n","protected":false},"excerpt":{"rendered":"","protected":false},"author":1,"featured_media":0,"parent":0,"menu_order":0,"comment_status":"closed","ping_status":"closed","template":"","meta":{"footnotes":""},"translation":{"provider":"WPGlobus","version":"2.8.1","language":"en","enabled_languages":["de","en"],"languages":{"de":{"title":true,"content":true,"excerpt":false},"en":{"title":false,"content":false,"excerpt":false}}},"_links":{"self":[{"href":"https:\/\/becherfaktur.de\/en\/wp-json\/wp\/v2\/pages\/6971"}],"collection":[{"href":"https:\/\/becherfaktur.de\/en\/wp-json\/wp\/v2\/pages"}],"about":[{"href":"https:\/\/becherfaktur.de\/en\/wp-json\/wp\/v2\/types\/page"}],"author":[{"embeddable":true,"href":"https:\/\/becherfaktur.de\/en\/wp-json\/wp\/v2\/users\/1"}],"replies":[{"embeddable":true,"href":"https:\/\/becherfaktur.de\/en\/wp-json\/wp\/v2\/comments?post=6971"}],"version-history":[{"count":10,"href":"https:\/\/becherfaktur.de\/en\/wp-json\/wp\/v2\/pages\/6971\/revisions"}],"predecessor-version":[{"id":10367,"href":"https:\/\/becherfaktur.de\/en\/wp-json\/wp\/v2\/pages\/6971\/revisions\/10367"}],"wp:attachment":[{"href":"https:\/\/becherfaktur.de\/en\/wp-json\/wp\/v2\/media?parent=6971"}],"curies":[{"name":"wp","href":"https:\/\/api.w.org\/{rel}","templated":true}]}}