{"id":360,"date":"2016-08-17T12:22:17","date_gmt":"2016-08-17T10:22:17","guid":{"rendered":"http:\/\/impreza8.us-themes.com\/?page_id=360"},"modified":"2020-12-15T13:31:39","modified_gmt":"2020-12-15T12:31:39","slug":"variant-1","status":"publish","type":"page","link":"https:\/\/becherfaktur.de\/en\/","title":{"rendered":"Startseite"},"content":{"rendered":"<section class=\"l-section wpb_row height_small color_custom\"><div class=\"l-section-h i-cf\"><div class=\"g-cols vc_row via_flex valign_middle type_default stacking_default\"><div class=\"vc_col-sm-12 wpb_column vc_column_container\"><div class=\"vc_column-inner\"><div class=\"wpb_wrapper\"><div class=\"wpb_text_column\"><div class=\"wpb_wrapper\"><p><!-- --><\/p>\n<h1 style=\"text-align: center;\">Becherfaktur<br \/>\n<span style=\"color: #000000; font-family: Indie Flower; font-size: 20px;\">Handgemacht. Hei\u00dfgeliebt.<\/span><\/h1>\n<hr \/>\n<\/div><\/div><\/div><\/div><\/div><\/div><\/div><\/section><section class=\"l-section wpb_row height_small\"><div class=\"l-section-h i-cf\"><div class=\"g-cols vc_row via_flex valign_top type_default stacking_default\"><div class=\"vc_col-sm-12 wpb_column vc_column_container\"><div class=\"vc_column-inner\"><div class=\"wpb_wrapper\"><div class=\"w-grid type_masonry layout_gallery_with_titles_below cols_7 with_isotope no_gap\" id=\"us_grid_1\" data-filterable=\"true\"><style>@media (max-width:1380px){#us_grid_1 .w-grid-item{width:20%}}@media (max-width:767px){#us_grid_1 .w-grid-item{width:25%}}@media (max-width:479px){#us_grid_1 .w-grid-item{width:50%}}.layout_gallery_with_titles_below .w-grid-item-h{}<\/style><div class=\"w-grid-list\">\t<article class=\"w-grid-item post-7817 attachment type-attachment status-inherit hentry\" data-id=\"7817\">\r\n\t\t<div class=\"w-grid-item-h\">\r\n\t\t\t\t\t\t\t<a class=\"w-grid-item-anchor\" href=\"https:\/\/becherfaktur.de\/wp-content\/uploads\/2017\/12\/product_lu2_kleiner-1-e1541328997221.png\" ref=\"magnificPopupGrid\" title=\"Diamanttasse &quot;Gloria&quot;\"><\/a>\r\n\t\t\t\t\t\t<div class=\"w-post-elm post_image usg_post_image_1 has_ratio\"><div style=\"padding-bottom:100%\"><\/div><img decoding=\"async\" width=\"1\" height=\"1\" src=\"https:\/\/becherfaktur.de\/wp-content\/uploads\/2017\/12\/product_lu2_kleiner-1-e1541328997221.png\" class=\"attachment-large size-large\" alt=\"\" \/><\/div><div class=\"w-vwrapper usg_vwrapper_1 align_center valign_top\"><div class=\"w-post-elm post_content usg_post_content_1\"><p>Diamanttasse &#8220;Gloria&#8221;<\/p>\n<\/div><div class=\"w-post-elm post_title usg_post_title_1 hide_if_not_first entry-title color_link_inherit\">Diamanttasse &#8220;Gloria&#8221;<\/div><\/div>\t\t<\/div>\r\n\t<\/article>\r\n\t<article class=\"w-grid-item post-7785 attachment type-attachment status-inherit hentry\" data-id=\"7785\">\r\n\t\t<div class=\"w-grid-item-h\">\r\n\t\t\t\t\t\t\t<a class=\"w-grid-item-anchor\" href=\"https:\/\/becherfaktur.de\/wp-content\/uploads\/2017\/12\/Rocky-31-e1541329164681.png\" ref=\"magnificPopupGrid\" title=\"Raketentasse &quot;Rocky&quot;\"><\/a>\r\n\t\t\t\t\t\t<div class=\"w-post-elm post_image usg_post_image_1 has_ratio\"><div style=\"padding-bottom:100%\"><\/div><img decoding=\"async\" width=\"1\" height=\"1\" src=\"https:\/\/becherfaktur.de\/wp-content\/uploads\/2017\/12\/Rocky-31-e1541329164681.png\" class=\"attachment-large size-large\" alt=\"\" \/><\/div><div class=\"w-vwrapper usg_vwrapper_1 align_center valign_top\"><div class=\"w-post-elm post_content usg_post_content_1\"><p>Raketentasse &#8220;Rocky&#8221;<\/p>\n<\/div><div class=\"w-post-elm post_title usg_post_title_1 hide_if_not_first entry-title color_link_inherit\">Raketentasse &#8220;Rocky&#8221;<\/div><\/div>\t\t<\/div>\r\n\t<\/article>\r\n\t<article class=\"w-grid-item post-7663 attachment type-attachment status-inherit hentry\" data-id=\"7663\">\r\n\t\t<div class=\"w-grid-item-h\">\r\n\t\t\t\t\t\t\t<a class=\"w-grid-item-anchor\" href=\"https:\/\/becherfaktur.de\/wp-content\/uploads\/2016\/08\/Welttasse-frei-e1541329054862.png\" ref=\"magnificPopupGrid\" title=\"Welttasse &quot;Kolumbus&quot;\"><\/a>\r\n\t\t\t\t\t\t<div class=\"w-post-elm post_image usg_post_image_1 has_ratio\"><div style=\"padding-bottom:100%\"><\/div><img decoding=\"async\" width=\"1\" height=\"1\" src=\"https:\/\/becherfaktur.de\/wp-content\/uploads\/2016\/08\/Welttasse-frei-e1541329054862.png\" class=\"attachment-large size-large\" alt=\"\" \/><\/div><div class=\"w-vwrapper usg_vwrapper_1 align_center valign_top\"><div class=\"w-post-elm post_content usg_post_content_1\"><p>Welttasse &#8220;Kolumbus&#8221;<\/p>\n<\/div><div class=\"w-post-elm post_title usg_post_title_1 hide_if_not_first entry-title color_link_inherit\">Welttasse &#8220;Kolumbus&#8221;<\/div><\/div>\t\t<\/div>\r\n\t<\/article>\r\n\t<article class=\"w-grid-item post-7777 attachment type-attachment status-inherit hentry\" data-id=\"7777\">\r\n\t\t<div class=\"w-grid-item-h\">\r\n\t\t\t\t\t\t\t<a class=\"w-grid-item-anchor\" href=\"https:\/\/becherfaktur.de\/wp-content\/uploads\/2017\/12\/Tulpe-4-e1541329125427.png\" ref=\"magnificPopupGrid\" title=\"Tulpentasse &quot;Flora&quot;\"><\/a>\r\n\t\t\t\t\t\t<div class=\"w-post-elm post_image usg_post_image_1 has_ratio\"><div style=\"padding-bottom:100%\"><\/div><img decoding=\"async\" width=\"1\" height=\"1\" src=\"https:\/\/becherfaktur.de\/wp-content\/uploads\/2017\/12\/Tulpe-4-e1541329125427.png\" class=\"attachment-large size-large\" alt=\"\" \/><\/div><div class=\"w-vwrapper usg_vwrapper_1 align_center valign_top\"><div class=\"w-post-elm post_content usg_post_content_1\"><p>Tulpentasse &#8220;Flora&#8221;<\/p>\n<\/div><div class=\"w-post-elm post_title usg_post_title_1 hide_if_not_first entry-title color_link_inherit\">Tulpentasse &#8220;Flora&#8221;<\/div><\/div>\t\t<\/div>\r\n\t<\/article>\r\n\t<article class=\"w-grid-item post-8452 attachment type-attachment status-inherit hentry\" data-id=\"8452\">\r\n\t\t<div class=\"w-grid-item-h\">\r\n\t\t\t\t\t\t\t<a class=\"w-grid-item-anchor\" href=\"https:\/\/becherfaktur.de\/wp-content\/uploads\/2018\/10\/aqua-1-2-e1552586689522.jpg\" ref=\"magnificPopupGrid\" title=\"Diamantschale &quot;Elsa&quot;\"><\/a>\r\n\t\t\t\t\t\t<div class=\"w-post-elm post_image usg_post_image_1 has_ratio\"><div style=\"padding-bottom:100%\"><\/div><img decoding=\"async\" width=\"1\" height=\"1\" src=\"https:\/\/becherfaktur.de\/wp-content\/uploads\/2018\/10\/aqua-1-2-e1552586689522.jpg\" class=\"attachment-large size-large\" alt=\"\" \/><\/div><div class=\"w-vwrapper usg_vwrapper_1 align_center valign_top\"><div class=\"w-post-elm post_content usg_post_content_1\"><p>Diamantschale &#8220;Elsa&#8221;<\/p>\n<\/div><div class=\"w-post-elm post_title usg_post_title_1 hide_if_not_first entry-title color_link_inherit\">Diamantschale &#8220;Elsa&#8221;<\/div><\/div>\t\t<\/div>\r\n\t<\/article>\r\n\t<article class=\"w-grid-item post-8889 attachment type-attachment status-inherit hentry\" data-id=\"8889\">\r\n\t\t<div class=\"w-grid-item-h\">\r\n\t\t\t\t\t\t\t<a class=\"w-grid-item-anchor\" href=\"https:\/\/becherfaktur.de\/wp-content\/uploads\/2019\/03\/Vase_Diamant_blau_frei.png\" ref=\"magnificPopupGrid\" title=\"Diamantvase &quot;Klara&quot;\"><\/a>\r\n\t\t\t\t\t\t<div class=\"w-post-elm post_image usg_post_image_1 has_ratio\"><div style=\"padding-bottom:100%\"><\/div><img decoding=\"async\" width=\"1\" height=\"1\" src=\"https:\/\/becherfaktur.de\/wp-content\/uploads\/2019\/03\/Vase_Diamant_blau_frei.png\" class=\"attachment-large size-large\" alt=\"\" \/><\/div><div class=\"w-vwrapper usg_vwrapper_1 align_center valign_top\"><div class=\"w-post-elm post_content usg_post_content_1\"><p>Diamantvase &#8220;Klara&#8221;<\/p>\n<\/div><div class=\"w-post-elm post_title usg_post_title_1 hide_if_not_first entry-title color_link_inherit\">Diamantvase &#8220;Klara&#8221;<\/div><\/div>\t\t<\/div>\r\n\t<\/article>\r\n\t<article class=\"w-grid-item post-9202 attachment type-attachment status-inherit hentry\" data-id=\"9202\">\r\n\t\t<div class=\"w-grid-item-h\">\r\n\t\t\t\t\t\t\t<a class=\"w-grid-item-anchor\" href=\"https:\/\/becherfaktur.de\/wp-content\/uploads\/2019\/06\/frei-1-e1561399701149-scaled.jpg\" ref=\"magnificPopupGrid\" title=\"Diamantpflanzer &#8220;Benno&#8221;\"><\/a>\r\n\t\t\t\t\t\t<div class=\"w-post-elm post_image usg_post_image_1 has_ratio\"><div style=\"padding-bottom:100%\"><\/div><img decoding=\"async\" width=\"1\" height=\"1\" src=\"https:\/\/becherfaktur.de\/wp-content\/uploads\/2019\/06\/frei-1-e1561399701149-scaled.jpg\" class=\"attachment-large size-large\" alt=\"\" \/><\/div><div class=\"w-vwrapper usg_vwrapper_1 align_center valign_top\"><div class=\"w-post-elm post_title usg_post_title_1 hide_if_not_first entry-title color_link_inherit\">Diamantpflanzer &#8220;Benno&#8221;<\/div><\/div>\t\t<\/div>\r\n\t<\/article>\r\n<\/div><div class=\"w-grid-preloader\"><div class=\"g-preloader type_1\">\r\n\t<div><\/div>\r\n<\/div>\r\n<\/div>\t<div class=\"w-grid-json hidden\" onclick='return {&quot;action&quot;:&quot;us_ajax_grid&quot;,&quot;ajax_url&quot;:&quot;https:\\\/\\\/becherfaktur.de\\\/wp-admin\\\/admin-ajax.php&quot;,&quot;infinite_scroll&quot;:0,&quot;max_num_pages&quot;:1,&quot;pagination&quot;:&quot;none&quot;,&quot;permalink_url&quot;:&quot;https:\\\/\\\/becherfaktur.de\\\/en\\\/wp-json\\\/wp\\\/v2\\\/pages\\\/360&quot;,&quot;template_vars&quot;:{&quot;columns&quot;:&quot;7&quot;,&quot;exclude_items&quot;:&quot;none&quot;,&quot;img_size&quot;:&quot;large&quot;,&quot;ignore_items_size&quot;:0,&quot;items_layout&quot;:&quot;gallery_with_titles_below&quot;,&quot;items_offset&quot;:&quot;1&quot;,&quot;load_animation&quot;:&quot;none&quot;,&quot;overriding_link&quot;:&quot;popup_post_image&quot;,&quot;post_id&quot;:0,&quot;query_args&quot;:{&quot;post_type&quot;:[&quot;attachment&quot;],&quot;post__in&quot;:[&quot;7817&quot;,&quot;7785&quot;,&quot;7663&quot;,&quot;7777&quot;,&quot;8452&quot;,&quot;8889&quot;,&quot;9202&quot;],&quot;post_status&quot;:&quot;inherit&quot;,&quot;post_mime_type&quot;:&quot;image&quot;,&quot;posts_per_page&quot;:999},&quot;orderby_query_args&quot;:{&quot;orderby&quot;:{&quot;post__in&quot;:&quot;ASC&quot;},&quot;order&quot;:&quot;ASC&quot;},&quot;type&quot;:&quot;masonry&quot;,&quot;us_grid_ajax_index&quot;:1,&quot;us_grid_filter_params&quot;:null,&quot;us_grid_index&quot;:1,&quot;_us_grid_post_type&quot;:&quot;attachment&quot;,&quot;page_args&quot;:[]}}'><\/div>\r\n\t<\/div><div class=\"wpb_text_column\"><div class=\"wpb_wrapper\"><p><span style=\"color: #ffffff;\">&#8212;-<\/span><\/p>\n<\/div><\/div><div class=\"g-cols wpb_row via_flex valign_top type_default stacking_default\"><div class=\"vc_col-sm-6 wpb_column vc_column_container\"><div class=\"vc_column-inner\"><div class=\"wpb_wrapper\">[vc_btn title=&#8221;Zu den Motiven&#8221; style=&#8221;custom&#8221; custom_background=&#8221;#f4bcb2&#8243; custom_text=&#8221;#ffffff&#8221; align=&#8221;center&#8221; link=&#8221;url:https%3A%2F%2Fbecherfaktur.de%2Fprodukte%2F|||&#8221;]<\/div><\/div><\/div><div class=\"vc_col-sm-6 wpb_column vc_column_container\"><div class=\"vc_column-inner\"><div class=\"wpb_wrapper\">[vc_btn title=&#8221;Zum Shop&#8221; style=&#8221;custom&#8221; custom_background=&#8221;#f4bcb2&#8243; custom_text=&#8221;#ffffff&#8221; align=&#8221;center&#8221; link=&#8221;url:https%3A%2F%2Fbecherfaktur.de%2Fshop%2F|title:https%3A%2F%2Fde.dawanda.com%2Fshop%2Fbecherfaktur||&#8221;]<\/div><\/div><\/div><\/div><\/div><\/div><\/div><\/div><\/div><\/section><section class=\"l-section wpb_row height_small\"><div class=\"l-section-h i-cf\"><div class=\"g-cols vc_row via_flex valign_middle type_default stacking_default\"><div class=\"vc_col-sm-12 wpb_column vc_column_container\"><div class=\"vc_column-inner\"><div class=\"wpb_wrapper\"><div class=\"wpb_text_column\"><div class=\"wpb_wrapper\"><h2 style=\"text-align: center;\"><span style=\"color: #000000;\">BESONDERE HANDGEMACHTE 3D-TASSEN UND BECHER AUS KERAMIK<\/span><\/h2>\n<hr \/>\n<\/div><\/div><\/div><\/div><\/div><\/div><\/div><\/section><section class=\"l-section wpb_row height_small\"><div class=\"l-section-h i-cf\"><div class=\"g-cols vc_row via_flex valign_top type_default stacking_default\"><div class=\"vc_col-sm-8 wpb_column vc_column_container\"><div class=\"vc_column-inner\"><div class=\"wpb_wrapper\"><div class=\"wpb_text_column\"><div class=\"wpb_wrapper\"><h3>Besonderes 3D-Design der Tassen und Becher<\/h3>\n<p>Alle Becher und Tassen sind von mir selbst entworfen. Meine Designs sind nat\u00fcrlichen Objekten nachempfunden und haben somit eine grunds\u00e4tzlich andere Form als herk\u00f6mmliche Tassen. Ich kreiere <strong>3D Tassen<\/strong>, die sich durch Ihre einzigartigen 3-dimensionalen Formen und Reliefs auszeichnen und deutlich von Standardtassen mit typischen Tassenformen abheben. Somit wird jede meiner 3D-Kreationen zum ganz <strong>besonderen<\/strong> Hingucker! Egal ob Kaffeetasse, Kaffeebecher oder Teetasse, meine Tassen eignen sich ganz besonders f\u00fcr dein Lieblingsgetr\u00e4nk.<\/p>\n<\/div><\/div><\/div><\/div><\/div><div class=\"vc_col-sm-4 wpb_column vc_column_container\"><div class=\"vc_column-inner\"><div class=\"wpb_wrapper\"><div class=\"w-image align_center\"><div class=\"w-image-h\"><img decoding=\"async\" width=\"300\" height=\"214\" src=\"https:\/\/becherfaktur.de\/wp-content\/uploads\/2016\/08\/Diamant-2-300x214.png\" class=\"attachment-medium size-medium\" alt=\"Blaue Diamantentasse, Kaffeetasse, Kaffeetasse, Kaffeebecher\" srcset=\"https:\/\/becherfaktur.de\/wp-content\/uploads\/2016\/08\/Diamant-2-300x214.png 300w, https:\/\/becherfaktur.de\/wp-content\/uploads\/2016\/08\/Diamant-2-875x623.png 875w, https:\/\/becherfaktur.de\/wp-content\/uploads\/2016\/08\/Diamant-2-768x547.png 768w, https:\/\/becherfaktur.de\/wp-content\/uploads\/2016\/08\/Diamant-2-1024x730.png 1024w, https:\/\/becherfaktur.de\/wp-content\/uploads\/2016\/08\/Diamant-2.png 1280w\" sizes=\"(max-width: 300px) 100vw, 300px\" \/><\/div><\/div><\/div><\/div><\/div><\/div><\/div><\/section><section class=\"l-section wpb_row height_auto\"><div class=\"l-section-h i-cf\"><div class=\"g-cols vc_row via_flex valign_top type_default stacking_default\"><div class=\"vc_col-sm-8 wpb_column vc_column_container\"><div class=\"vc_column-inner\"><div class=\"wpb_wrapper\"><div class=\"wpb_text_column\"><div class=\"wpb_wrapper\"><h3>Handgemachte Einzelst\u00fccke &#8211; Bechermanufaktur aus der Lausitz<\/h3>\n<p>Alle Produkte werden von mir in liebevoller Handarbeit in der Lausitz selbst gefertigt. Mit Hilfe von traditionellen Verfahren der Keramikherstellung entstehen in meiner <strong>Bechermanufaktur<\/strong> einzigartige T\u00f6pferwaren aus hochwertigem Steinzeug, die bei 1250\u00b0C gebrannt, und mit farbenfrohen Glasuren \u00fcberzogen werden. Durch die Nachbearbeitung und den Glasurauftrag per Hand \u00e4hnelt kein Produkt exakt dem anderen. Dies macht den besonderen Charme und die Individualit\u00e4t meiner Kreationen aus. Jede Keramiktasse hat ihre Eigenheiten in Form und Farbe, und wird somit zum Unikat.<\/p>\n<\/div><\/div><\/div><\/div><\/div><div class=\"vc_col-sm-4 wpb_column vc_column_container\"><div class=\"vc_column-inner\"><div class=\"wpb_wrapper\"><div class=\"w-image align_center\"><div class=\"w-image-h\"><img decoding=\"async\" width=\"834\" height=\"625\" src=\"https:\/\/becherfaktur.de\/wp-content\/uploads\/2016\/08\/Welttasse-frei-e1541329054862.png\" class=\"attachment-full size-full\" alt=\"\" srcset=\"https:\/\/becherfaktur.de\/wp-content\/uploads\/2016\/08\/Welttasse-frei-e1541329054862.png 834w, https:\/\/becherfaktur.de\/wp-content\/uploads\/2016\/08\/Welttasse-frei-e1541329054862-300x225.png 300w, https:\/\/becherfaktur.de\/wp-content\/uploads\/2016\/08\/Welttasse-frei-e1541329054862-768x576.png 768w\" sizes=\"(max-width: 834px) 100vw, 834px\" \/><\/div><\/div><\/div><\/div><\/div><\/div><\/div><\/section><section class=\"l-section wpb_row height_small\"><div class=\"l-section-h i-cf\"><div class=\"g-cols vc_row via_flex valign_top type_default stacking_default\"><div class=\"vc_col-sm-8 wpb_column vc_column_container\"><div class=\"vc_column-inner\"><div class=\"wpb_wrapper\"><div class=\"wpb_text_column\"><div class=\"wpb_wrapper\"><h3>Moderne Technologie<\/h3>\n<p>Der Herstellungsprozess meiner <strong>handgemachten Becher und Tassen<\/strong> ist eine Kombination aus traditioneller T\u00f6pferei und neuen Technologien. Jeder Arbeitsschritt wird in meiner Bechermanufaktur realisiert. Dabei kommt unter anderem moderne 3D-Druck-Technologie zum Einsatz. Erst die Verkn\u00fcpfung von klassischen und innovativen Verfahren erm\u00f6glicht es mir, diese besonderen Produkte zu erschaffen.<\/p>\n<\/div><\/div><\/div><\/div><\/div><div class=\"vc_col-sm-4 wpb_column vc_column_container\"><div class=\"vc_column-inner\"><div class=\"wpb_wrapper\"><div class=\"w-image align_center\"><div class=\"w-image-h\"><img decoding=\"async\" width=\"825\" height=\"587\" src=\"https:\/\/becherfaktur.de\/wp-content\/uploads\/2016\/08\/Tulpentasse-rot-Bl\u00fcte-frei-4.png\" class=\"attachment-large size-large\" alt=\"\" srcset=\"https:\/\/becherfaktur.de\/wp-content\/uploads\/2016\/08\/Tulpentasse-rot-Bl\u00fcte-frei-4.png 825w, https:\/\/becherfaktur.de\/wp-content\/uploads\/2016\/08\/Tulpentasse-rot-Bl\u00fcte-frei-4-300x213.png 300w, https:\/\/becherfaktur.de\/wp-content\/uploads\/2016\/08\/Tulpentasse-rot-Bl\u00fcte-frei-4-768x546.png 768w\" sizes=\"(max-width: 825px) 100vw, 825px\" \/><\/div><\/div><\/div><\/div><\/div><\/div><\/div><\/section><section class=\"l-section wpb_row height_small\"><div class=\"l-section-h i-cf\"><div class=\"g-cols vc_row via_flex valign_top type_default stacking_default\"><div class=\"vc_col-sm-8 wpb_column vc_column_container\"><div class=\"vc_column-inner\"><div class=\"wpb_wrapper\"><div class=\"wpb_text_column\"><div class=\"wpb_wrapper\"><h3>Made in Germany<\/h3>\n<p>Die Becher und Tassen werden von mir in der Lausitz handgefertigt.<br \/>\nDie Bestandteile und Rohstoffe meiner Produkte beziehe ich ebenfalls ausschlie\u00dflich aus Deutschland.<\/p>\n<\/div><\/div><\/div><\/div><\/div><div class=\"vc_col-sm-4 wpb_column vc_column_container\"><div class=\"vc_column-inner\"><div class=\"wpb_wrapper\"><div class=\"w-image align_center\"><div class=\"w-image-h\"><img decoding=\"async\" width=\"1024\" height=\"702\" src=\"https:\/\/becherfaktur.de\/wp-content\/uploads\/2016\/08\/Rakete_frei-4-1024x702.png\" class=\"attachment-large size-large\" alt=\"\" srcset=\"https:\/\/becherfaktur.de\/wp-content\/uploads\/2016\/08\/Rakete_frei-4-1024x702.png 1024w, https:\/\/becherfaktur.de\/wp-content\/uploads\/2016\/08\/Rakete_frei-4-875x600.png 875w, https:\/\/becherfaktur.de\/wp-content\/uploads\/2016\/08\/Rakete_frei-4-300x206.png 300w, https:\/\/becherfaktur.de\/wp-content\/uploads\/2016\/08\/Rakete_frei-4-768x526.png 768w, https:\/\/becherfaktur.de\/wp-content\/uploads\/2016\/08\/Rakete_frei-4.png 1049w\" sizes=\"(max-width: 1024px) 100vw, 1024px\" \/><\/div><\/div><\/div><\/div><\/div><\/div><\/div><\/section><section class=\"l-section wpb_row height_small\"><div class=\"l-section-h i-cf\"><div class=\"g-cols vc_row via_flex valign_top type_default stacking_default\"><div class=\"vc_col-sm-8 wpb_column vc_column_container\"><div class=\"vc_column-inner\"><div class=\"wpb_wrapper\"><div class=\"wpb_text_column\"><div class=\"wpb_wrapper\"><h3>Nachhaltigkeit<\/h3>\n<p>Beim Herstellungsprozess meiner Becher und Tassen achte ich besonders auf Nachhaltigkeit. Auch die Verpackung der fertigen Produkte besteht daher zu 100% aus recyclebarem Material.<\/p>\n<\/div><\/div><\/div><\/div><\/div><div class=\"vc_col-sm-4 wpb_column vc_column_container\"><div class=\"vc_column-inner\"><div class=\"wpb_wrapper\"><div class=\"w-image align_center\"><div class=\"w-image-h\"><img decoding=\"async\" width=\"594\" height=\"372\" src=\"https:\/\/becherfaktur.de\/wp-content\/uploads\/2016\/08\/Diamant-frei-1.png\" class=\"attachment-full size-full\" alt=\"\" srcset=\"https:\/\/becherfaktur.de\/wp-content\/uploads\/2016\/08\/Diamant-frei-1.png 594w, https:\/\/becherfaktur.de\/wp-content\/uploads\/2016\/08\/Diamant-frei-1-300x188.png 300w\" sizes=\"(max-width: 594px) 100vw, 594px\" \/><\/div><\/div><\/div><\/div><\/div><\/div><\/div><\/section>\n","protected":false},"excerpt":{"rendered":"","protected":false},"author":1,"featured_media":0,"parent":0,"menu_order":0,"comment_status":"closed","ping_status":"closed","template":"","meta":{"footnotes":""},"translation":{"provider":"WPGlobus","version":"2.8.1","language":"en","enabled_languages":["de","en"],"languages":{"de":{"title":true,"content":true,"excerpt":false},"en":{"title":false,"content":false,"excerpt":false}}},"_links":{"self":[{"href":"https:\/\/becherfaktur.de\/en\/wp-json\/wp\/v2\/pages\/360"}],"collection":[{"href":"https:\/\/becherfaktur.de\/en\/wp-json\/wp\/v2\/pages"}],"about":[{"href":"https:\/\/becherfaktur.de\/en\/wp-json\/wp\/v2\/types\/page"}],"author":[{"embeddable":true,"href":"https:\/\/becherfaktur.de\/en\/wp-json\/wp\/v2\/users\/1"}],"replies":[{"embeddable":true,"href":"https:\/\/becherfaktur.de\/en\/wp-json\/wp\/v2\/comments?post=360"}],"version-history":[{"count":10,"href":"https:\/\/becherfaktur.de\/en\/wp-json\/wp\/v2\/pages\/360\/revisions"}],"predecessor-version":[{"id":10159,"href":"https:\/\/becherfaktur.de\/en\/wp-json\/wp\/v2\/pages\/360\/revisions\/10159"}],"wp:attachment":[{"href":"https:\/\/becherfaktur.de\/en\/wp-json\/wp\/v2\/media?parent=360"}],"curies":[{"name":"wp","href":"https:\/\/api.w.org\/{rel}","templated":true}]}}